{"id":38,"date":"2024-11-06T09:24:27","date_gmt":"2024-11-06T09:24:27","guid":{"rendered":"https:\/\/toimitus.net\/?page_id=38"},"modified":"2024-11-07T08:32:39","modified_gmt":"2024-11-07T08:32:39","slug":"tietokirjat","status":"publish","type":"page","link":"https:\/\/toimitus.net\/?page_id=38","title":{"rendered":"Tietokirjat"},"content":{"rendered":"\n<div class=\"wp-block-columns is-layout-flex wp-container-core-columns-is-layout-28f84493 wp-block-columns-is-layout-flex\">\n<div class=\"wp-block-column is-layout-flow wp-block-column-is-layout-flow\">\n<figure class=\"wp-block-image size-large\"><img loading=\"lazy\" decoding=\"async\" width=\"806\" height=\"1024\" src=\"https:\/\/toimitus.net\/wp-content\/uploads\/2024\/11\/Kkasvi2-806x1024.png\" alt=\"\" class=\"wp-image-42\" srcset=\"https:\/\/toimitus.net\/wp-content\/uploads\/2024\/11\/Kkasvi2-806x1024.png 806w, https:\/\/toimitus.net\/wp-content\/uploads\/2024\/11\/Kkasvi2-236x300.png 236w, https:\/\/toimitus.net\/wp-content\/uploads\/2024\/11\/Kkasvi2-768x976.png 768w, https:\/\/toimitus.net\/wp-content\/uploads\/2024\/11\/Kkasvi2.png 1077w\" sizes=\"auto, (max-width: 806px) 100vw, 806px\" \/><\/figure>\n\n\n\n<p>Puutarhalegenda Arno Kasvin viljelyvinkit kiinnostivat niin, ett\u00e4 Palstalta parempaa -kirjasta tehtiin laajennettu painos. Ruokakasvien lis\u00e4ksi mukana on koristekasveja.<\/p>\n<\/div>\n\n\n\n<div class=\"wp-block-column is-layout-flow wp-block-column-is-layout-flow\">\n<figure class=\"wp-block-image size-large\"><img loading=\"lazy\" decoding=\"async\" width=\"690\" height=\"1024\" src=\"https:\/\/toimitus.net\/wp-content\/uploads\/2024\/11\/KIspoinen-690x1024.png\" alt=\"\" class=\"wp-image-41\" srcset=\"https:\/\/toimitus.net\/wp-content\/uploads\/2024\/11\/KIspoinen-690x1024.png 690w, https:\/\/toimitus.net\/wp-content\/uploads\/2024\/11\/KIspoinen-202x300.png 202w, https:\/\/toimitus.net\/wp-content\/uploads\/2024\/11\/KIspoinen-768x1139.png 768w, https:\/\/toimitus.net\/wp-content\/uploads\/2024\/11\/KIspoinen-1036x1536.png 1036w, https:\/\/toimitus.net\/wp-content\/uploads\/2024\/11\/KIspoinen.png 1080w\" sizes=\"auto, (max-width: 690px) 100vw, 690px\" \/><\/figure>\n\n\n\n<p>Aateliskartanon mailta l\u00f6ytyi yli 30 historiallista kohdetta, joiden saloihin ja tunnelmiin kirja vie. <\/p>\n<\/div>\n<\/div>\n\n\n\n<div class=\"wp-block-columns is-layout-flex wp-container-core-columns-is-layout-28f84493 wp-block-columns-is-layout-flex\">\n<div class=\"wp-block-column is-layout-flow wp-block-column-is-layout-flow\">\n<figure class=\"wp-block-image size-large\"><img loading=\"lazy\" decoding=\"async\" width=\"723\" height=\"1024\" src=\"https:\/\/toimitus.net\/wp-content\/uploads\/2024\/11\/Kpsykonet-723x1024.png\" alt=\"\" class=\"wp-image-44\" srcset=\"https:\/\/toimitus.net\/wp-content\/uploads\/2024\/11\/Kpsykonet-723x1024.png 723w, https:\/\/toimitus.net\/wp-content\/uploads\/2024\/11\/Kpsykonet-212x300.png 212w, https:\/\/toimitus.net\/wp-content\/uploads\/2024\/11\/Kpsykonet-768x1088.png 768w, https:\/\/toimitus.net\/wp-content\/uploads\/2024\/11\/Kpsykonet.png 1080w\" sizes=\"auto, (max-width: 723px) 100vw, 723px\" \/><\/figure>\n\n\n\n<p>Tilausty\u00f6 Turun yliopistolle, joka koordinoi valtakunnallista Suomen yliopistojen pyskologian laitosten jatkokoulutusverkostoa.<\/p>\n<\/div>\n\n\n\n<div class=\"wp-block-column is-layout-flow wp-block-column-is-layout-flow\">\n<figure class=\"wp-block-image size-large\"><img loading=\"lazy\" decoding=\"async\" width=\"882\" height=\"1024\" src=\"https:\/\/toimitus.net\/wp-content\/uploads\/2024\/11\/KHepokulta-882x1024.png\" alt=\"\" class=\"wp-image-46\" srcset=\"https:\/\/toimitus.net\/wp-content\/uploads\/2024\/11\/KHepokulta-882x1024.png 882w, https:\/\/toimitus.net\/wp-content\/uploads\/2024\/11\/KHepokulta-258x300.png 258w, https:\/\/toimitus.net\/wp-content\/uploads\/2024\/11\/KHepokulta-768x892.png 768w, https:\/\/toimitus.net\/wp-content\/uploads\/2024\/11\/KHepokulta.png 1080w\" sizes=\"auto, (max-width: 882px) 100vw, 882px\" \/><\/figure>\n\n\n\n<p>Harva l\u00e4mp\u00f6yhti\u00f6 on yhdist\u00e4nyt alueen asukkaat kuten Hepokullassa. Historiikki kertoo, miten se tapahtui.  <\/p>\n<\/div>\n<\/div>\n\n\n\n<div class=\"wp-block-columns is-layout-flex wp-container-core-columns-is-layout-28f84493 wp-block-columns-is-layout-flex\">\n<div class=\"wp-block-column is-layout-flow wp-block-column-is-layout-flow\">\n<figure class=\"wp-block-image size-large is-resized\"><img loading=\"lazy\" decoding=\"async\" width=\"723\" height=\"1024\" src=\"https:\/\/toimitus.net\/wp-content\/uploads\/2024\/11\/KKasvi1-723x1024.png\" alt=\"\" class=\"wp-image-45\" style=\"width:294px;height:auto\" srcset=\"https:\/\/toimitus.net\/wp-content\/uploads\/2024\/11\/KKasvi1-723x1024.png 723w, https:\/\/toimitus.net\/wp-content\/uploads\/2024\/11\/KKasvi1-212x300.png 212w, https:\/\/toimitus.net\/wp-content\/uploads\/2024\/11\/KKasvi1-768x1088.png 768w, https:\/\/toimitus.net\/wp-content\/uploads\/2024\/11\/KKasvi1.png 1080w\" sizes=\"auto, (max-width: 723px) 100vw, 723px\" \/><\/figure>\n\n\n\n<p>Puutarhaneuvos Arno Kasvin parhaat pihavinkit. <\/p>\n<\/div>\n\n\n\n<div class=\"wp-block-column is-layout-flow wp-block-column-is-layout-flow\">\n<p class=\"has-text-align-center\"><br><br><br><em>Tulossa seuraavaksi: <br>Kultarannan puutarhassa <\/em><\/p>\n<\/div>\n<\/div>\n\n\n\n<p class=\"has-base-2-color has-contrast-2-background-color has-text-color has-background has-link-color has-small-font-size wp-elements-c4116d055c6713145844160d878f0fd1\"><span style=\"text-decoration: underline;\"><strong>Yhteystiedot:<\/strong><\/span><br>Sari J\u00e4rvinen, toimittaja-tietokirjailija, Vanha H\u00e4rk\u00e4tie 111, 21410 Vanhalinna, sari.jarvinen(miukumauku)toimitus.net, puh. +358 (0)50 5460 555. <a href=\"http:\/\/www.toimitus.net\" data-type=\"link\" data-id=\"www.toimitus.net\">www.toimitus.net<\/a><br><\/p>\n\n\n\n<p><\/p>\n","protected":false},"excerpt":{"rendered":"<p>Puutarhalegenda Arno Kasvin viljelyvinkit kiinnostivat niin, ett\u00e4 Palstalta parempaa -kirjasta tehtiin laajennettu painos. Ruokakasvien lis\u00e4ksi mukana on koristekasveja. Aateliskartanon mailta l\u00f6ytyi yli 30 historiallista kohdetta, joiden saloihin ja tunnelmiin kirja vie. Tilausty\u00f6 Turun yliopistolle, joka koordinoi valtakunnallista Suomen yliopistojen pyskologian laitosten jatkokoulutusverkostoa. Harva l\u00e4mp\u00f6yhti\u00f6 on yhdist\u00e4nyt alueen asukkaat kuten Hepokullassa. Historiikki kertoo, miten se tapahtui. [&hellip;]<\/p>\n","protected":false},"author":1,"featured_media":0,"parent":0,"menu_order":0,"comment_status":"closed","ping_status":"closed","template":"","meta":{"footnotes":""},"class_list":["post-38","page","type-page","status-publish","hentry"],"_links":{"self":[{"href":"https:\/\/toimitus.net\/index.php?rest_route=\/wp\/v2\/pages\/38","targetHints":{"allow":["GET"]}}],"collection":[{"href":"https:\/\/toimitus.net\/index.php?rest_route=\/wp\/v2\/pages"}],"about":[{"href":"https:\/\/toimitus.net\/index.php?rest_route=\/wp\/v2\/types\/page"}],"author":[{"embeddable":true,"href":"https:\/\/toimitus.net\/index.php?rest_route=\/wp\/v2\/users\/1"}],"replies":[{"embeddable":true,"href":"https:\/\/toimitus.net\/index.php?rest_route=%2Fwp%2Fv2%2Fcomments&post=38"}],"version-history":[{"count":12,"href":"https:\/\/toimitus.net\/index.php?rest_route=\/wp\/v2\/pages\/38\/revisions"}],"predecessor-version":[{"id":65,"href":"https:\/\/toimitus.net\/index.php?rest_route=\/wp\/v2\/pages\/38\/revisions\/65"}],"wp:attachment":[{"href":"https:\/\/toimitus.net\/index.php?rest_route=%2Fwp%2Fv2%2Fmedia&parent=38"}],"curies":[{"name":"wp","href":"https:\/\/api.w.org\/{rel}","templated":true}]}}